{"id":56,"date":"2017-05-28T21:26:24","date_gmt":"2017-05-28T19:26:24","guid":{"rendered":"http:\/\/zwenkau1.esemos.de\/nicole_wp\/?page_id=56"},"modified":"2023-05-11T14:19:59","modified_gmt":"2023-05-11T12:19:59","slug":"jobs","status":"publish","type":"page","link":"https:\/\/www.esemos.de\/en\/unternehmen\/jobs\/","title":{"rendered":"Jobs"},"content":{"rendered":"Arbeiten bei ESEMOS\nUnsere gr\u00f6\u00dfte St\u00e4rke sind unsere Mitarbeiter. Gemeinsam \u00fcberzeugen wir als Team und l\u00f6sen die Herausforderungen und Anforderungen <a href=\"https:\/\/www.esemos.de\/en\/unternehmen\/jobs\/\" class=\"more-link\">[...]<\/a>","protected":false},"excerpt":{"rendered":"<p>Arbeiten bei ESEMOS Unsere gr\u00f6\u00dfte St\u00e4rke sind unsere Mitarbeiter. Gemeinsam \u00fcberzeugen wir als Team und l\u00f6sen die Herausforderungen und Anforderungen [&#8230;]<\/p>\n","protected":false},"author":4,"featured_media":0,"parent":52,"menu_order":4,"comment_status":"closed","ping_status":"closed","template":"","meta":{"footnotes":""},"class_list":["post-56","page","type-page","status-publish","hentry"],"aioseo_notices":[],"_links":{"self":[{"href":"https:\/\/www.esemos.de\/en\/wp-json\/wp\/v2\/pages\/56","targetHints":{"allow":["GET"]}}],"collection":[{"href":"https:\/\/www.esemos.de\/en\/wp-json\/wp\/v2\/pages"}],"about":[{"href":"https:\/\/www.esemos.de\/en\/wp-json\/wp\/v2\/types\/page"}],"author":[{"embeddable":true,"href":"https:\/\/www.esemos.de\/en\/wp-json\/wp\/v2\/users\/4"}],"replies":[{"embeddable":true,"href":"https:\/\/www.esemos.de\/en\/wp-json\/wp\/v2\/comments?post=56"}],"version-history":[{"count":7,"href":"https:\/\/www.esemos.de\/en\/wp-json\/wp\/v2\/pages\/56\/revisions"}],"predecessor-version":[{"id":2005,"href":"https:\/\/www.esemos.de\/en\/wp-json\/wp\/v2\/pages\/56\/revisions\/2005"}],"up":[{"embeddable":true,"href":"https:\/\/www.esemos.de\/en\/wp-json\/wp\/v2\/pages\/52"}],"wp:attachment":[{"href":"https:\/\/www.esemos.de\/en\/wp-json\/wp\/v2\/media?parent=56"}],"curies":[{"name":"wp","href":"https:\/\/api.w.org\/{rel}","templated":true}]}}