{"id":1512,"date":"2018-09-13T13:26:18","date_gmt":"2018-09-13T11:26:18","guid":{"rendered":"http:\/\/81.173.112.70\/?page_id=1512"},"modified":"2018-09-14T10:57:45","modified_gmt":"2018-09-14T08:57:45","slug":"barcamp-search","status":"publish","type":"page","link":"https:\/\/www.esemos.de\/en\/barcamp-search\/","title":{"rendered":"Barcamp Search"},"content":{"rendered":"Wir konnten in dieser Woche die ersten Referenten f\u00fcr unser Barcampsearch 2012 gewinnen: Jens Fauldrath und Stefan Antoni. Dar\u00fcber freuen wir uns nat\u00fcrlich <a href=\"https:\/\/www.esemos.de\/en\/unsere-ersten-referenten-fur-unser-barcampsearch-2012\/\" class=\"more-link\">[...]<\/a>","protected":false},"excerpt":{"rendered":"<p>Wir konnten in dieser Woche die ersten Referenten f\u00fcr unser Barcampsearch 2012 gewinnen: Jens Fauldrath und Stefan Antoni. Dar\u00fcber freuen wir uns nat\u00fcrlich [&#8230;]<\/p>\n","protected":false},"author":4,"featured_media":0,"parent":0,"menu_order":5,"comment_status":"closed","ping_status":"closed","template":"","meta":{"footnotes":""},"class_list":["post-1512","page","type-page","status-publish","hentry"],"aioseo_notices":[],"_links":{"self":[{"href":"https:\/\/www.esemos.de\/en\/wp-json\/wp\/v2\/pages\/1512","targetHints":{"allow":["GET"]}}],"collection":[{"href":"https:\/\/www.esemos.de\/en\/wp-json\/wp\/v2\/pages"}],"about":[{"href":"https:\/\/www.esemos.de\/en\/wp-json\/wp\/v2\/types\/page"}],"author":[{"embeddable":true,"href":"https:\/\/www.esemos.de\/en\/wp-json\/wp\/v2\/users\/4"}],"replies":[{"embeddable":true,"href":"https:\/\/www.esemos.de\/en\/wp-json\/wp\/v2\/comments?post=1512"}],"version-history":[{"count":13,"href":"https:\/\/www.esemos.de\/en\/wp-json\/wp\/v2\/pages\/1512\/revisions"}],"predecessor-version":[{"id":1791,"href":"https:\/\/www.esemos.de\/en\/wp-json\/wp\/v2\/pages\/1512\/revisions\/1791"}],"wp:attachment":[{"href":"https:\/\/www.esemos.de\/en\/wp-json\/wp\/v2\/media?parent=1512"}],"curies":[{"name":"wp","href":"https:\/\/api.w.org\/{rel}","templated":true}]}}